{"id":2871,"date":"2025-05-29T18:19:44","date_gmt":"2025-05-29T18:19:44","guid":{"rendered":"https:\/\/neveta-nautica.com\/?page_id=2871"},"modified":"2025-08-19T10:51:49","modified_gmt":"2025-08-19T10:51:49","slug":"reparacio-helices","status":"publish","type":"page","link":"https:\/\/neveta-nautica.com\/ca\/reparacio-helices\/","title":{"rendered":"Reparaci\u00f3 d\u2019h\u00e8lixs"},"content":{"rendered":"","protected":false},"excerpt":{"rendered":"","protected":false},"author":1,"featured_media":2837,"parent":0,"menu_order":0,"comment_status":"closed","ping_status":"closed","template":"","meta":{"footnotes":""},"class_list":["post-2871","page","type-page","status-publish","has-post-thumbnail","hentry"],"yoast_head":"<!-- This site is optimized with the Yoast SEO plugin v27.4 - https:\/\/yoast.com\/product\/yoast-seo-wordpress\/ -->\n<title>Reparaci\u00f3n de h\u00e9lices - Neveta N\u00e1utica<\/title>\n<meta name=\"description\" content=\"Si tiene una h\u00e9lice da\u00f1ada nosotros tenemos la soluci\u00f3n. Hemos construido una m\u00e1quina especial para medir el paso muy exacto y enderezar con los...\" \/>\n<meta name=\"robots\" content=\"index, follow, max-snippet:-1, max-image-preview:large, max-video-preview:-1\" \/>\n<link rel=\"canonical\" href=\"https:\/\/neveta-nautica.com\/ca\/reparacio-helices\/\" \/>\n<meta property=\"og:locale\" content=\"ca_ES\" \/>\n<meta property=\"og:type\" content=\"article\" \/>\n<meta property=\"og:title\" content=\"Reparaci\u00f3n de h\u00e9lices - Neveta N\u00e1utica\" \/>\n<meta property=\"og:description\" content=\"Si tiene una h\u00e9lice da\u00f1ada nosotros tenemos la soluci\u00f3n. Hemos construido una m\u00e1quina especial para medir el paso muy exacto y enderezar con los...\" \/>\n<meta property=\"og:url\" content=\"https:\/\/neveta-nautica.com\/ca\/reparacio-helices\/\" \/>\n<meta property=\"og:site_name\" content=\"Neveta N\u00e1utica\" \/>\n<meta property=\"article:modified_time\" content=\"2025-08-19T10:51:49+00:00\" \/>\n<meta property=\"og:image\" content=\"https:\/\/neveta-nautica.com\/wp-content\/uploads\/2025\/05\/helice-nautica.jpg\" \/>\n\t<meta property=\"og:image:width\" content=\"1382\" \/>\n\t<meta property=\"og:image:height\" content=\"1037\" \/>\n\t<meta property=\"og:image:type\" content=\"image\/jpeg\" \/>\n<meta name=\"twitter:card\" content=\"summary_large_image\" \/>\n<meta name=\"twitter:label1\" content=\"Temps estimat de lectura\" \/>\n\t<meta name=\"twitter:data1\" content=\"2 minuts\" \/>\n<script type=\"application\/ld+json\" class=\"yoast-schema-graph\">{\"@context\":\"https:\\\/\\\/schema.org\",\"@graph\":[{\"@type\":\"WebPage\",\"@id\":\"https:\\\/\\\/neveta-nautica.com\\\/reparacion-de-helices\\\/\",\"url\":\"https:\\\/\\\/neveta-nautica.com\\\/reparacion-de-helices\\\/\",\"name\":\"Reparaci\u00f3n de h\u00e9lices - Neveta N\u00e1utica\",\"isPartOf\":{\"@id\":\"https:\\\/\\\/neveta-nautica.com\\\/#website\"},\"primaryImageOfPage\":{\"@id\":\"https:\\\/\\\/neveta-nautica.com\\\/reparacion-de-helices\\\/#primaryimage\"},\"image\":{\"@id\":\"https:\\\/\\\/neveta-nautica.com\\\/reparacion-de-helices\\\/#primaryimage\"},\"thumbnailUrl\":\"https:\\\/\\\/neveta-nautica.com\\\/wp-content\\\/uploads\\\/2025\\\/05\\\/helice-nautica.jpg\",\"datePublished\":\"2025-05-29T18:19:44+00:00\",\"dateModified\":\"2025-08-19T10:51:49+00:00\",\"description\":\"Si tiene una h\u00e9lice da\u00f1ada nosotros tenemos la soluci\u00f3n. Hemos construido una m\u00e1quina especial para medir el paso muy exacto y enderezar con los...\",\"breadcrumb\":{\"@id\":\"https:\\\/\\\/neveta-nautica.com\\\/reparacion-de-helices\\\/#breadcrumb\"},\"inLanguage\":\"ca\",\"potentialAction\":[{\"@type\":\"ReadAction\",\"target\":[\"https:\\\/\\\/neveta-nautica.com\\\/reparacion-de-helices\\\/\"]}]},{\"@type\":\"ImageObject\",\"inLanguage\":\"ca\",\"@id\":\"https:\\\/\\\/neveta-nautica.com\\\/reparacion-de-helices\\\/#primaryimage\",\"url\":\"https:\\\/\\\/neveta-nautica.com\\\/wp-content\\\/uploads\\\/2025\\\/05\\\/helice-nautica.jpg\",\"contentUrl\":\"https:\\\/\\\/neveta-nautica.com\\\/wp-content\\\/uploads\\\/2025\\\/05\\\/helice-nautica.jpg\",\"width\":1382,\"height\":1037},{\"@type\":\"BreadcrumbList\",\"@id\":\"https:\\\/\\\/neveta-nautica.com\\\/reparacion-de-helices\\\/#breadcrumb\",\"itemListElement\":[{\"@type\":\"ListItem\",\"position\":1,\"name\":\"Home\",\"item\":\"https:\\\/\\\/neveta-nautica.com\\\/\"},{\"@type\":\"ListItem\",\"position\":2,\"name\":\"Reparaci\u00f3n de h\u00e9lices\"}]},{\"@type\":\"WebSite\",\"@id\":\"https:\\\/\\\/neveta-nautica.com\\\/#website\",\"url\":\"https:\\\/\\\/neveta-nautica.com\\\/\",\"name\":\"Neveta N\u00e1utica\",\"description\":\"Mantenimiento y reparaci\u00f3n de barcos\",\"publisher\":{\"@id\":\"https:\\\/\\\/neveta-nautica.com\\\/#organization\"},\"potentialAction\":[{\"@type\":\"SearchAction\",\"target\":{\"@type\":\"EntryPoint\",\"urlTemplate\":\"https:\\\/\\\/neveta-nautica.com\\\/?s={search_term_string}\"},\"query-input\":{\"@type\":\"PropertyValueSpecification\",\"valueRequired\":true,\"valueName\":\"search_term_string\"}}],\"inLanguage\":\"ca\"},{\"@type\":\"Organization\",\"@id\":\"https:\\\/\\\/neveta-nautica.com\\\/#organization\",\"name\":\"Neveta N\u00e1utica\",\"url\":\"https:\\\/\\\/neveta-nautica.com\\\/\",\"logo\":{\"@type\":\"ImageObject\",\"inLanguage\":\"ca\",\"@id\":\"https:\\\/\\\/neveta-nautica.com\\\/#\\\/schema\\\/logo\\\/image\\\/\",\"url\":\"https:\\\/\\\/neveta-nautica.com\\\/wp-content\\\/uploads\\\/2025\\\/05\\\/logotipo_organizacion_696x696.jpg\",\"contentUrl\":\"https:\\\/\\\/neveta-nautica.com\\\/wp-content\\\/uploads\\\/2025\\\/05\\\/logotipo_organizacion_696x696.jpg\",\"width\":696,\"height\":696,\"caption\":\"Neveta N\u00e1utica\"},\"image\":{\"@id\":\"https:\\\/\\\/neveta-nautica.com\\\/#\\\/schema\\\/logo\\\/image\\\/\"}}]}<\/script>\n<!-- \/ Yoast SEO plugin. -->","yoast_head_json":{"title":"Reparaci\u00f3n de h\u00e9lices - Neveta N\u00e1utica","description":"Si tiene una h\u00e9lice da\u00f1ada nosotros tenemos la soluci\u00f3n. Hemos construido una m\u00e1quina especial para medir el paso muy exacto y enderezar con los...","robots":{"index":"index","follow":"follow","max-snippet":"max-snippet:-1","max-image-preview":"max-image-preview:large","max-video-preview":"max-video-preview:-1"},"canonical":"https:\/\/neveta-nautica.com\/ca\/reparacio-helices\/","og_locale":"ca_ES","og_type":"article","og_title":"Reparaci\u00f3n de h\u00e9lices - Neveta N\u00e1utica","og_description":"Si tiene una h\u00e9lice da\u00f1ada nosotros tenemos la soluci\u00f3n. Hemos construido una m\u00e1quina especial para medir el paso muy exacto y enderezar con los...","og_url":"https:\/\/neveta-nautica.com\/ca\/reparacio-helices\/","og_site_name":"Neveta N\u00e1utica","article_modified_time":"2025-08-19T10:51:49+00:00","og_image":[{"width":1382,"height":1037,"url":"https:\/\/neveta-nautica.com\/wp-content\/uploads\/2025\/05\/helice-nautica.jpg","type":"image\/jpeg"}],"twitter_card":"summary_large_image","twitter_misc":{"Temps estimat de lectura":"2 minuts"},"schema":{"@context":"https:\/\/schema.org","@graph":[{"@type":"WebPage","@id":"https:\/\/neveta-nautica.com\/reparacion-de-helices\/","url":"https:\/\/neveta-nautica.com\/reparacion-de-helices\/","name":"Reparaci\u00f3n de h\u00e9lices - Neveta N\u00e1utica","isPartOf":{"@id":"https:\/\/neveta-nautica.com\/#website"},"primaryImageOfPage":{"@id":"https:\/\/neveta-nautica.com\/reparacion-de-helices\/#primaryimage"},"image":{"@id":"https:\/\/neveta-nautica.com\/reparacion-de-helices\/#primaryimage"},"thumbnailUrl":"https:\/\/neveta-nautica.com\/wp-content\/uploads\/2025\/05\/helice-nautica.jpg","datePublished":"2025-05-29T18:19:44+00:00","dateModified":"2025-08-19T10:51:49+00:00","description":"Si tiene una h\u00e9lice da\u00f1ada nosotros tenemos la soluci\u00f3n. Hemos construido una m\u00e1quina especial para medir el paso muy exacto y enderezar con los...","breadcrumb":{"@id":"https:\/\/neveta-nautica.com\/reparacion-de-helices\/#breadcrumb"},"inLanguage":"ca","potentialAction":[{"@type":"ReadAction","target":["https:\/\/neveta-nautica.com\/reparacion-de-helices\/"]}]},{"@type":"ImageObject","inLanguage":"ca","@id":"https:\/\/neveta-nautica.com\/reparacion-de-helices\/#primaryimage","url":"https:\/\/neveta-nautica.com\/wp-content\/uploads\/2025\/05\/helice-nautica.jpg","contentUrl":"https:\/\/neveta-nautica.com\/wp-content\/uploads\/2025\/05\/helice-nautica.jpg","width":1382,"height":1037},{"@type":"BreadcrumbList","@id":"https:\/\/neveta-nautica.com\/reparacion-de-helices\/#breadcrumb","itemListElement":[{"@type":"ListItem","position":1,"name":"Home","item":"https:\/\/neveta-nautica.com\/"},{"@type":"ListItem","position":2,"name":"Reparaci\u00f3n de h\u00e9lices"}]},{"@type":"WebSite","@id":"https:\/\/neveta-nautica.com\/#website","url":"https:\/\/neveta-nautica.com\/","name":"Neveta N\u00e1utica","description":"Mantenimiento y reparaci\u00f3n de barcos","publisher":{"@id":"https:\/\/neveta-nautica.com\/#organization"},"potentialAction":[{"@type":"SearchAction","target":{"@type":"EntryPoint","urlTemplate":"https:\/\/neveta-nautica.com\/?s={search_term_string}"},"query-input":{"@type":"PropertyValueSpecification","valueRequired":true,"valueName":"search_term_string"}}],"inLanguage":"ca"},{"@type":"Organization","@id":"https:\/\/neveta-nautica.com\/#organization","name":"Neveta N\u00e1utica","url":"https:\/\/neveta-nautica.com\/","logo":{"@type":"ImageObject","inLanguage":"ca","@id":"https:\/\/neveta-nautica.com\/#\/schema\/logo\/image\/","url":"https:\/\/neveta-nautica.com\/wp-content\/uploads\/2025\/05\/logotipo_organizacion_696x696.jpg","contentUrl":"https:\/\/neveta-nautica.com\/wp-content\/uploads\/2025\/05\/logotipo_organizacion_696x696.jpg","width":696,"height":696,"caption":"Neveta N\u00e1utica"},"image":{"@id":"https:\/\/neveta-nautica.com\/#\/schema\/logo\/image\/"}}]}},"_links":{"self":[{"href":"https:\/\/neveta-nautica.com\/ca\/wp-json\/wp\/v2\/pages\/2871","targetHints":{"allow":["GET"]}}],"collection":[{"href":"https:\/\/neveta-nautica.com\/ca\/wp-json\/wp\/v2\/pages"}],"about":[{"href":"https:\/\/neveta-nautica.com\/ca\/wp-json\/wp\/v2\/types\/page"}],"author":[{"embeddable":true,"href":"https:\/\/neveta-nautica.com\/ca\/wp-json\/wp\/v2\/users\/1"}],"replies":[{"embeddable":true,"href":"https:\/\/neveta-nautica.com\/ca\/wp-json\/wp\/v2\/comments?post=2871"}],"version-history":[{"count":30,"href":"https:\/\/neveta-nautica.com\/ca\/wp-json\/wp\/v2\/pages\/2871\/revisions"}],"predecessor-version":[{"id":3465,"href":"https:\/\/neveta-nautica.com\/ca\/wp-json\/wp\/v2\/pages\/2871\/revisions\/3465"}],"wp:featuredmedia":[{"embeddable":true,"href":"https:\/\/neveta-nautica.com\/ca\/wp-json\/wp\/v2\/media\/2837"}],"wp:attachment":[{"href":"https:\/\/neveta-nautica.com\/ca\/wp-json\/wp\/v2\/media?parent=2871"}],"curies":[{"name":"wp","href":"https:\/\/api.w.org\/{rel}","templated":true}]}}