{"id":2958,"date":"2025-05-30T08:25:05","date_gmt":"2025-05-30T08:25:05","guid":{"rendered":"https:\/\/neveta-nautica.com\/?page_id=2958"},"modified":"2025-08-21T18:17:42","modified_gmt":"2025-08-21T18:17:42","slug":"tenda-swi-tec","status":"publish","type":"page","link":"https:\/\/neveta-nautica.com\/ca\/tenda-swi-tec\/","title":{"rendered":"Tenda Swi-tec"},"content":{"rendered":"","protected":false},"excerpt":{"rendered":"","protected":false},"author":1,"featured_media":2968,"parent":0,"menu_order":0,"comment_status":"closed","ping_status":"closed","template":"","meta":{"footnotes":""},"class_list":["post-2958","page","type-page","status-publish","has-post-thumbnail","hentry"],"yoast_head":"<!-- This site is optimized with the Yoast SEO plugin v27.4 - https:\/\/yoast.com\/product\/yoast-seo-wordpress\/ -->\n<title>Tienda n\u00e1utica online SWI-TEC - Neveta N\u00e1utica<\/title>\n<meta name=\"description\" content=\"Nuestra tienda online le ofrece muchos productos que hacen la vida a bordo m\u00e1s f\u00e1cil, ya sea una lancha, un velero, yate o catam\u00e1ran.\" \/>\n<meta name=\"robots\" content=\"index, follow, max-snippet:-1, max-image-preview:large, max-video-preview:-1\" \/>\n<link rel=\"canonical\" href=\"https:\/\/neveta-nautica.com\/ca\/tenda-swi-tec\/\" \/>\n<meta property=\"og:locale\" content=\"ca_ES\" \/>\n<meta property=\"og:type\" content=\"article\" \/>\n<meta property=\"og:title\" content=\"Tienda n\u00e1utica online SWI-TEC - Neveta N\u00e1utica\" \/>\n<meta property=\"og:description\" content=\"Nuestra tienda online le ofrece muchos productos que hacen la vida a bordo m\u00e1s f\u00e1cil, ya sea una lancha, un velero, yate o catam\u00e1ran.\" \/>\n<meta property=\"og:url\" content=\"https:\/\/neveta-nautica.com\/ca\/tenda-swi-tec\/\" \/>\n<meta property=\"og:site_name\" content=\"Neveta N\u00e1utica\" \/>\n<meta property=\"article:modified_time\" content=\"2025-08-21T18:17:42+00:00\" \/>\n<meta property=\"og:image\" content=\"https:\/\/neveta-nautica.com\/wp-content\/uploads\/2025\/05\/boya-neveta.jpg\" \/>\n\t<meta property=\"og:image:width\" content=\"1000\" \/>\n\t<meta property=\"og:image:height\" content=\"1251\" \/>\n\t<meta property=\"og:image:type\" content=\"image\/jpeg\" \/>\n<meta name=\"twitter:card\" content=\"summary_large_image\" \/>\n<meta name=\"twitter:label1\" content=\"Temps estimat de lectura\" \/>\n\t<meta name=\"twitter:data1\" content=\"2 minuts\" \/>\n<script type=\"application\/ld+json\" class=\"yoast-schema-graph\">{\"@context\":\"https:\\\/\\\/schema.org\",\"@graph\":[{\"@type\":\"WebPage\",\"@id\":\"https:\\\/\\\/neveta-nautica.com\\\/tienda-swi-tec\\\/\",\"url\":\"https:\\\/\\\/neveta-nautica.com\\\/tienda-swi-tec\\\/\",\"name\":\"Tienda n\u00e1utica online SWI-TEC - Neveta N\u00e1utica\",\"isPartOf\":{\"@id\":\"https:\\\/\\\/neveta-nautica.com\\\/#website\"},\"primaryImageOfPage\":{\"@id\":\"https:\\\/\\\/neveta-nautica.com\\\/tienda-swi-tec\\\/#primaryimage\"},\"image\":{\"@id\":\"https:\\\/\\\/neveta-nautica.com\\\/tienda-swi-tec\\\/#primaryimage\"},\"thumbnailUrl\":\"https:\\\/\\\/neveta-nautica.com\\\/wp-content\\\/uploads\\\/2025\\\/05\\\/boya-neveta.jpg\",\"datePublished\":\"2025-05-30T08:25:05+00:00\",\"dateModified\":\"2025-08-21T18:17:42+00:00\",\"description\":\"Nuestra tienda online le ofrece muchos productos que hacen la vida a bordo m\u00e1s f\u00e1cil, ya sea una lancha, un velero, yate o catam\u00e1ran.\",\"breadcrumb\":{\"@id\":\"https:\\\/\\\/neveta-nautica.com\\\/tienda-swi-tec\\\/#breadcrumb\"},\"inLanguage\":\"ca\",\"potentialAction\":[{\"@type\":\"ReadAction\",\"target\":[\"https:\\\/\\\/neveta-nautica.com\\\/tienda-swi-tec\\\/\"]}]},{\"@type\":\"ImageObject\",\"inLanguage\":\"ca\",\"@id\":\"https:\\\/\\\/neveta-nautica.com\\\/tienda-swi-tec\\\/#primaryimage\",\"url\":\"https:\\\/\\\/neveta-nautica.com\\\/wp-content\\\/uploads\\\/2025\\\/05\\\/boya-neveta.jpg\",\"contentUrl\":\"https:\\\/\\\/neveta-nautica.com\\\/wp-content\\\/uploads\\\/2025\\\/05\\\/boya-neveta.jpg\",\"width\":1000,\"height\":1251},{\"@type\":\"BreadcrumbList\",\"@id\":\"https:\\\/\\\/neveta-nautica.com\\\/tienda-swi-tec\\\/#breadcrumb\",\"itemListElement\":[{\"@type\":\"ListItem\",\"position\":1,\"name\":\"Home\",\"item\":\"https:\\\/\\\/neveta-nautica.com\\\/\"},{\"@type\":\"ListItem\",\"position\":2,\"name\":\"Tienda Swi-tec\"}]},{\"@type\":\"WebSite\",\"@id\":\"https:\\\/\\\/neveta-nautica.com\\\/#website\",\"url\":\"https:\\\/\\\/neveta-nautica.com\\\/\",\"name\":\"Neveta N\u00e1utica\",\"description\":\"Mantenimiento y reparaci\u00f3n de barcos\",\"publisher\":{\"@id\":\"https:\\\/\\\/neveta-nautica.com\\\/#organization\"},\"potentialAction\":[{\"@type\":\"SearchAction\",\"target\":{\"@type\":\"EntryPoint\",\"urlTemplate\":\"https:\\\/\\\/neveta-nautica.com\\\/?s={search_term_string}\"},\"query-input\":{\"@type\":\"PropertyValueSpecification\",\"valueRequired\":true,\"valueName\":\"search_term_string\"}}],\"inLanguage\":\"ca\"},{\"@type\":\"Organization\",\"@id\":\"https:\\\/\\\/neveta-nautica.com\\\/#organization\",\"name\":\"Neveta N\u00e1utica\",\"url\":\"https:\\\/\\\/neveta-nautica.com\\\/\",\"logo\":{\"@type\":\"ImageObject\",\"inLanguage\":\"ca\",\"@id\":\"https:\\\/\\\/neveta-nautica.com\\\/#\\\/schema\\\/logo\\\/image\\\/\",\"url\":\"https:\\\/\\\/neveta-nautica.com\\\/wp-content\\\/uploads\\\/2025\\\/05\\\/logotipo_organizacion_696x696.jpg\",\"contentUrl\":\"https:\\\/\\\/neveta-nautica.com\\\/wp-content\\\/uploads\\\/2025\\\/05\\\/logotipo_organizacion_696x696.jpg\",\"width\":696,\"height\":696,\"caption\":\"Neveta N\u00e1utica\"},\"image\":{\"@id\":\"https:\\\/\\\/neveta-nautica.com\\\/#\\\/schema\\\/logo\\\/image\\\/\"}}]}<\/script>\n<!-- \/ Yoast SEO plugin. -->","yoast_head_json":{"title":"Tienda n\u00e1utica online SWI-TEC - Neveta N\u00e1utica","description":"Nuestra tienda online le ofrece muchos productos que hacen la vida a bordo m\u00e1s f\u00e1cil, ya sea una lancha, un velero, yate o catam\u00e1ran.","robots":{"index":"index","follow":"follow","max-snippet":"max-snippet:-1","max-image-preview":"max-image-preview:large","max-video-preview":"max-video-preview:-1"},"canonical":"https:\/\/neveta-nautica.com\/ca\/tenda-swi-tec\/","og_locale":"ca_ES","og_type":"article","og_title":"Tienda n\u00e1utica online SWI-TEC - Neveta N\u00e1utica","og_description":"Nuestra tienda online le ofrece muchos productos que hacen la vida a bordo m\u00e1s f\u00e1cil, ya sea una lancha, un velero, yate o catam\u00e1ran.","og_url":"https:\/\/neveta-nautica.com\/ca\/tenda-swi-tec\/","og_site_name":"Neveta N\u00e1utica","article_modified_time":"2025-08-21T18:17:42+00:00","og_image":[{"width":1000,"height":1251,"url":"https:\/\/neveta-nautica.com\/wp-content\/uploads\/2025\/05\/boya-neveta.jpg","type":"image\/jpeg"}],"twitter_card":"summary_large_image","twitter_misc":{"Temps estimat de lectura":"2 minuts"},"schema":{"@context":"https:\/\/schema.org","@graph":[{"@type":"WebPage","@id":"https:\/\/neveta-nautica.com\/tienda-swi-tec\/","url":"https:\/\/neveta-nautica.com\/tienda-swi-tec\/","name":"Tienda n\u00e1utica online SWI-TEC - Neveta N\u00e1utica","isPartOf":{"@id":"https:\/\/neveta-nautica.com\/#website"},"primaryImageOfPage":{"@id":"https:\/\/neveta-nautica.com\/tienda-swi-tec\/#primaryimage"},"image":{"@id":"https:\/\/neveta-nautica.com\/tienda-swi-tec\/#primaryimage"},"thumbnailUrl":"https:\/\/neveta-nautica.com\/wp-content\/uploads\/2025\/05\/boya-neveta.jpg","datePublished":"2025-05-30T08:25:05+00:00","dateModified":"2025-08-21T18:17:42+00:00","description":"Nuestra tienda online le ofrece muchos productos que hacen la vida a bordo m\u00e1s f\u00e1cil, ya sea una lancha, un velero, yate o catam\u00e1ran.","breadcrumb":{"@id":"https:\/\/neveta-nautica.com\/tienda-swi-tec\/#breadcrumb"},"inLanguage":"ca","potentialAction":[{"@type":"ReadAction","target":["https:\/\/neveta-nautica.com\/tienda-swi-tec\/"]}]},{"@type":"ImageObject","inLanguage":"ca","@id":"https:\/\/neveta-nautica.com\/tienda-swi-tec\/#primaryimage","url":"https:\/\/neveta-nautica.com\/wp-content\/uploads\/2025\/05\/boya-neveta.jpg","contentUrl":"https:\/\/neveta-nautica.com\/wp-content\/uploads\/2025\/05\/boya-neveta.jpg","width":1000,"height":1251},{"@type":"BreadcrumbList","@id":"https:\/\/neveta-nautica.com\/tienda-swi-tec\/#breadcrumb","itemListElement":[{"@type":"ListItem","position":1,"name":"Home","item":"https:\/\/neveta-nautica.com\/"},{"@type":"ListItem","position":2,"name":"Tienda Swi-tec"}]},{"@type":"WebSite","@id":"https:\/\/neveta-nautica.com\/#website","url":"https:\/\/neveta-nautica.com\/","name":"Neveta N\u00e1utica","description":"Mantenimiento y reparaci\u00f3n de barcos","publisher":{"@id":"https:\/\/neveta-nautica.com\/#organization"},"potentialAction":[{"@type":"SearchAction","target":{"@type":"EntryPoint","urlTemplate":"https:\/\/neveta-nautica.com\/?s={search_term_string}"},"query-input":{"@type":"PropertyValueSpecification","valueRequired":true,"valueName":"search_term_string"}}],"inLanguage":"ca"},{"@type":"Organization","@id":"https:\/\/neveta-nautica.com\/#organization","name":"Neveta N\u00e1utica","url":"https:\/\/neveta-nautica.com\/","logo":{"@type":"ImageObject","inLanguage":"ca","@id":"https:\/\/neveta-nautica.com\/#\/schema\/logo\/image\/","url":"https:\/\/neveta-nautica.com\/wp-content\/uploads\/2025\/05\/logotipo_organizacion_696x696.jpg","contentUrl":"https:\/\/neveta-nautica.com\/wp-content\/uploads\/2025\/05\/logotipo_organizacion_696x696.jpg","width":696,"height":696,"caption":"Neveta N\u00e1utica"},"image":{"@id":"https:\/\/neveta-nautica.com\/#\/schema\/logo\/image\/"}}]}},"_links":{"self":[{"href":"https:\/\/neveta-nautica.com\/ca\/wp-json\/wp\/v2\/pages\/2958","targetHints":{"allow":["GET"]}}],"collection":[{"href":"https:\/\/neveta-nautica.com\/ca\/wp-json\/wp\/v2\/pages"}],"about":[{"href":"https:\/\/neveta-nautica.com\/ca\/wp-json\/wp\/v2\/types\/page"}],"author":[{"embeddable":true,"href":"https:\/\/neveta-nautica.com\/ca\/wp-json\/wp\/v2\/users\/1"}],"replies":[{"embeddable":true,"href":"https:\/\/neveta-nautica.com\/ca\/wp-json\/wp\/v2\/comments?post=2958"}],"version-history":[{"count":41,"href":"https:\/\/neveta-nautica.com\/ca\/wp-json\/wp\/v2\/pages\/2958\/revisions"}],"predecessor-version":[{"id":3470,"href":"https:\/\/neveta-nautica.com\/ca\/wp-json\/wp\/v2\/pages\/2958\/revisions\/3470"}],"wp:featuredmedia":[{"embeddable":true,"href":"https:\/\/neveta-nautica.com\/ca\/wp-json\/wp\/v2\/media\/2968"}],"wp:attachment":[{"href":"https:\/\/neveta-nautica.com\/ca\/wp-json\/wp\/v2\/media?parent=2958"}],"curies":[{"name":"wp","href":"https:\/\/api.w.org\/{rel}","templated":true}]}}