{"id":2980,"date":"2025-05-30T08:39:26","date_gmt":"2025-05-30T08:39:26","guid":{"rendered":"https:\/\/neveta-nautica.com\/?page_id=2980"},"modified":"2025-08-21T20:47:17","modified_gmt":"2025-08-21T20:47:17","slug":"contacte","status":"publish","type":"page","link":"https:\/\/neveta-nautica.com\/ca\/contacte\/","title":{"rendered":"Contacte"},"content":{"rendered":"","protected":false},"excerpt":{"rendered":"","protected":false},"author":1,"featured_media":2952,"parent":0,"menu_order":0,"comment_status":"closed","ping_status":"closed","template":"","meta":{"footnotes":""},"class_list":["post-2980","page","type-page","status-publish","has-post-thumbnail","hentry"],"yoast_head":"<!-- This site is optimized with the Yoast SEO plugin v27.4 - https:\/\/yoast.com\/product\/yoast-seo-wordpress\/ -->\n<title>Contacto - Neveta N\u00e1utica<\/title>\n<meta name=\"description\" content=\"\u00bfTiene alguna pregunta sobre nuestro servicio o necesita ayuda? Cont\u00e1ctanos, nuestro equipo est\u00e1 ah\u00ed para ti.\" \/>\n<meta name=\"robots\" content=\"index, follow, max-snippet:-1, max-image-preview:large, max-video-preview:-1\" \/>\n<link rel=\"canonical\" href=\"https:\/\/neveta-nautica.com\/ca\/contacte\/\" \/>\n<meta property=\"og:locale\" content=\"ca_ES\" \/>\n<meta property=\"og:type\" content=\"article\" \/>\n<meta property=\"og:title\" content=\"Contacto - Neveta N\u00e1utica\" \/>\n<meta property=\"og:description\" content=\"\u00bfTiene alguna pregunta sobre nuestro servicio o necesita ayuda? Cont\u00e1ctanos, nuestro equipo est\u00e1 ah\u00ed para ti.\" \/>\n<meta property=\"og:url\" content=\"https:\/\/neveta-nautica.com\/ca\/contacte\/\" \/>\n<meta property=\"og:site_name\" content=\"Neveta N\u00e1utica\" \/>\n<meta property=\"article:modified_time\" content=\"2025-08-21T20:47:17+00:00\" \/>\n<meta property=\"og:image\" content=\"https:\/\/neveta-nautica.com\/wp-content\/uploads\/2025\/05\/neveta-nautica-sede.jpg\" \/>\n\t<meta property=\"og:image:width\" content=\"800\" \/>\n\t<meta property=\"og:image:height\" content=\"600\" \/>\n\t<meta property=\"og:image:type\" content=\"image\/jpeg\" \/>\n<meta name=\"twitter:card\" content=\"summary_large_image\" \/>\n<meta name=\"twitter:label1\" content=\"Temps estimat de lectura\" \/>\n\t<meta name=\"twitter:data1\" content=\"1 minut\" \/>\n<script type=\"application\/ld+json\" class=\"yoast-schema-graph\">{\"@context\":\"https:\\\/\\\/schema.org\",\"@graph\":[{\"@type\":\"WebPage\",\"@id\":\"https:\\\/\\\/neveta-nautica.com\\\/contacto\\\/\",\"url\":\"https:\\\/\\\/neveta-nautica.com\\\/contacto\\\/\",\"name\":\"Contacto - Neveta N\u00e1utica\",\"isPartOf\":{\"@id\":\"https:\\\/\\\/neveta-nautica.com\\\/#website\"},\"primaryImageOfPage\":{\"@id\":\"https:\\\/\\\/neveta-nautica.com\\\/contacto\\\/#primaryimage\"},\"image\":{\"@id\":\"https:\\\/\\\/neveta-nautica.com\\\/contacto\\\/#primaryimage\"},\"thumbnailUrl\":\"https:\\\/\\\/neveta-nautica.com\\\/wp-content\\\/uploads\\\/2025\\\/05\\\/neveta-nautica-sede.jpg\",\"datePublished\":\"2025-05-30T08:39:26+00:00\",\"dateModified\":\"2025-08-21T20:47:17+00:00\",\"description\":\"\u00bfTiene alguna pregunta sobre nuestro servicio o necesita ayuda? Cont\u00e1ctanos, nuestro equipo est\u00e1 ah\u00ed para ti.\",\"breadcrumb\":{\"@id\":\"https:\\\/\\\/neveta-nautica.com\\\/contacto\\\/#breadcrumb\"},\"inLanguage\":\"ca\",\"potentialAction\":[{\"@type\":\"ReadAction\",\"target\":[\"https:\\\/\\\/neveta-nautica.com\\\/contacto\\\/\"]}]},{\"@type\":\"ImageObject\",\"inLanguage\":\"ca\",\"@id\":\"https:\\\/\\\/neveta-nautica.com\\\/contacto\\\/#primaryimage\",\"url\":\"https:\\\/\\\/neveta-nautica.com\\\/wp-content\\\/uploads\\\/2025\\\/05\\\/neveta-nautica-sede.jpg\",\"contentUrl\":\"https:\\\/\\\/neveta-nautica.com\\\/wp-content\\\/uploads\\\/2025\\\/05\\\/neveta-nautica-sede.jpg\",\"width\":800,\"height\":600},{\"@type\":\"BreadcrumbList\",\"@id\":\"https:\\\/\\\/neveta-nautica.com\\\/contacto\\\/#breadcrumb\",\"itemListElement\":[{\"@type\":\"ListItem\",\"position\":1,\"name\":\"Home\",\"item\":\"https:\\\/\\\/neveta-nautica.com\\\/\"},{\"@type\":\"ListItem\",\"position\":2,\"name\":\"Contacto\"}]},{\"@type\":\"WebSite\",\"@id\":\"https:\\\/\\\/neveta-nautica.com\\\/#website\",\"url\":\"https:\\\/\\\/neveta-nautica.com\\\/\",\"name\":\"Neveta N\u00e1utica\",\"description\":\"Mantenimiento y reparaci\u00f3n de barcos\",\"publisher\":{\"@id\":\"https:\\\/\\\/neveta-nautica.com\\\/#organization\"},\"potentialAction\":[{\"@type\":\"SearchAction\",\"target\":{\"@type\":\"EntryPoint\",\"urlTemplate\":\"https:\\\/\\\/neveta-nautica.com\\\/?s={search_term_string}\"},\"query-input\":{\"@type\":\"PropertyValueSpecification\",\"valueRequired\":true,\"valueName\":\"search_term_string\"}}],\"inLanguage\":\"ca\"},{\"@type\":\"Organization\",\"@id\":\"https:\\\/\\\/neveta-nautica.com\\\/#organization\",\"name\":\"Neveta N\u00e1utica\",\"url\":\"https:\\\/\\\/neveta-nautica.com\\\/\",\"logo\":{\"@type\":\"ImageObject\",\"inLanguage\":\"ca\",\"@id\":\"https:\\\/\\\/neveta-nautica.com\\\/#\\\/schema\\\/logo\\\/image\\\/\",\"url\":\"https:\\\/\\\/neveta-nautica.com\\\/wp-content\\\/uploads\\\/2025\\\/05\\\/logotipo_organizacion_696x696.jpg\",\"contentUrl\":\"https:\\\/\\\/neveta-nautica.com\\\/wp-content\\\/uploads\\\/2025\\\/05\\\/logotipo_organizacion_696x696.jpg\",\"width\":696,\"height\":696,\"caption\":\"Neveta N\u00e1utica\"},\"image\":{\"@id\":\"https:\\\/\\\/neveta-nautica.com\\\/#\\\/schema\\\/logo\\\/image\\\/\"}}]}<\/script>\n<!-- \/ Yoast SEO plugin. -->","yoast_head_json":{"title":"Contacto - Neveta N\u00e1utica","description":"\u00bfTiene alguna pregunta sobre nuestro servicio o necesita ayuda? Cont\u00e1ctanos, nuestro equipo est\u00e1 ah\u00ed para ti.","robots":{"index":"index","follow":"follow","max-snippet":"max-snippet:-1","max-image-preview":"max-image-preview:large","max-video-preview":"max-video-preview:-1"},"canonical":"https:\/\/neveta-nautica.com\/ca\/contacte\/","og_locale":"ca_ES","og_type":"article","og_title":"Contacto - Neveta N\u00e1utica","og_description":"\u00bfTiene alguna pregunta sobre nuestro servicio o necesita ayuda? Cont\u00e1ctanos, nuestro equipo est\u00e1 ah\u00ed para ti.","og_url":"https:\/\/neveta-nautica.com\/ca\/contacte\/","og_site_name":"Neveta N\u00e1utica","article_modified_time":"2025-08-21T20:47:17+00:00","og_image":[{"width":800,"height":600,"url":"https:\/\/neveta-nautica.com\/wp-content\/uploads\/2025\/05\/neveta-nautica-sede.jpg","type":"image\/jpeg"}],"twitter_card":"summary_large_image","twitter_misc":{"Temps estimat de lectura":"1 minut"},"schema":{"@context":"https:\/\/schema.org","@graph":[{"@type":"WebPage","@id":"https:\/\/neveta-nautica.com\/contacto\/","url":"https:\/\/neveta-nautica.com\/contacto\/","name":"Contacto - Neveta N\u00e1utica","isPartOf":{"@id":"https:\/\/neveta-nautica.com\/#website"},"primaryImageOfPage":{"@id":"https:\/\/neveta-nautica.com\/contacto\/#primaryimage"},"image":{"@id":"https:\/\/neveta-nautica.com\/contacto\/#primaryimage"},"thumbnailUrl":"https:\/\/neveta-nautica.com\/wp-content\/uploads\/2025\/05\/neveta-nautica-sede.jpg","datePublished":"2025-05-30T08:39:26+00:00","dateModified":"2025-08-21T20:47:17+00:00","description":"\u00bfTiene alguna pregunta sobre nuestro servicio o necesita ayuda? Cont\u00e1ctanos, nuestro equipo est\u00e1 ah\u00ed para ti.","breadcrumb":{"@id":"https:\/\/neveta-nautica.com\/contacto\/#breadcrumb"},"inLanguage":"ca","potentialAction":[{"@type":"ReadAction","target":["https:\/\/neveta-nautica.com\/contacto\/"]}]},{"@type":"ImageObject","inLanguage":"ca","@id":"https:\/\/neveta-nautica.com\/contacto\/#primaryimage","url":"https:\/\/neveta-nautica.com\/wp-content\/uploads\/2025\/05\/neveta-nautica-sede.jpg","contentUrl":"https:\/\/neveta-nautica.com\/wp-content\/uploads\/2025\/05\/neveta-nautica-sede.jpg","width":800,"height":600},{"@type":"BreadcrumbList","@id":"https:\/\/neveta-nautica.com\/contacto\/#breadcrumb","itemListElement":[{"@type":"ListItem","position":1,"name":"Home","item":"https:\/\/neveta-nautica.com\/"},{"@type":"ListItem","position":2,"name":"Contacto"}]},{"@type":"WebSite","@id":"https:\/\/neveta-nautica.com\/#website","url":"https:\/\/neveta-nautica.com\/","name":"Neveta N\u00e1utica","description":"Mantenimiento y reparaci\u00f3n de barcos","publisher":{"@id":"https:\/\/neveta-nautica.com\/#organization"},"potentialAction":[{"@type":"SearchAction","target":{"@type":"EntryPoint","urlTemplate":"https:\/\/neveta-nautica.com\/?s={search_term_string}"},"query-input":{"@type":"PropertyValueSpecification","valueRequired":true,"valueName":"search_term_string"}}],"inLanguage":"ca"},{"@type":"Organization","@id":"https:\/\/neveta-nautica.com\/#organization","name":"Neveta N\u00e1utica","url":"https:\/\/neveta-nautica.com\/","logo":{"@type":"ImageObject","inLanguage":"ca","@id":"https:\/\/neveta-nautica.com\/#\/schema\/logo\/image\/","url":"https:\/\/neveta-nautica.com\/wp-content\/uploads\/2025\/05\/logotipo_organizacion_696x696.jpg","contentUrl":"https:\/\/neveta-nautica.com\/wp-content\/uploads\/2025\/05\/logotipo_organizacion_696x696.jpg","width":696,"height":696,"caption":"Neveta N\u00e1utica"},"image":{"@id":"https:\/\/neveta-nautica.com\/#\/schema\/logo\/image\/"}}]}},"_links":{"self":[{"href":"https:\/\/neveta-nautica.com\/ca\/wp-json\/wp\/v2\/pages\/2980","targetHints":{"allow":["GET"]}}],"collection":[{"href":"https:\/\/neveta-nautica.com\/ca\/wp-json\/wp\/v2\/pages"}],"about":[{"href":"https:\/\/neveta-nautica.com\/ca\/wp-json\/wp\/v2\/types\/page"}],"author":[{"embeddable":true,"href":"https:\/\/neveta-nautica.com\/ca\/wp-json\/wp\/v2\/users\/1"}],"replies":[{"embeddable":true,"href":"https:\/\/neveta-nautica.com\/ca\/wp-json\/wp\/v2\/comments?post=2980"}],"version-history":[{"count":27,"href":"https:\/\/neveta-nautica.com\/ca\/wp-json\/wp\/v2\/pages\/2980\/revisions"}],"predecessor-version":[{"id":3473,"href":"https:\/\/neveta-nautica.com\/ca\/wp-json\/wp\/v2\/pages\/2980\/revisions\/3473"}],"wp:featuredmedia":[{"embeddable":true,"href":"https:\/\/neveta-nautica.com\/ca\/wp-json\/wp\/v2\/media\/2952"}],"wp:attachment":[{"href":"https:\/\/neveta-nautica.com\/ca\/wp-json\/wp\/v2\/media?parent=2980"}],"curies":[{"name":"wp","href":"https:\/\/api.w.org\/{rel}","templated":true}]}}